{"id":587,"date":"2021-05-11T06:19:11","date_gmt":"2021-05-11T06:19:11","guid":{"rendered":"https:\/\/feinamc.eu\/partners\/"},"modified":"2021-06-23T14:12:27","modified_gmt":"2021-06-23T14:12:27","slug":"partners","status":"publish","type":"page","link":"https:\/\/feinamc.eu\/de\/partners\/","title":{"rendered":"Partner"},"content":{"rendered":"<h1><strong>PARTNER<\/strong><\/h1>\n<div>\n<div uk-slider>\n<div class=\"uk-position-relative\">\n<div class=\"uk-slider-container\">\n<ul class=\"custom-slider-items uk-slider-items uk-child-width-1-1 uk-flex uk-flex-middle\">\n                <!-- Partner 1--><\/p>\n<li>\n<div class=\"uk-child-width-expand@s\" uk-grid>\n<div class=\"uk-width-1-1\">\n<div class=\"uk-flex uk-flex-middle\">\n<div class=\"uk-width-1-4@m inline-block\">\n                            <img decoding=\"async\" src=\"\/wp-content\/uploads\/2021\/05\/intered-ingles-claim.png\"><\/div>\n<div class=\"uk-width-1-4@m inline-block\">\n<div class=\"foo-tab2\"><a href=\"http:\/\/intered.org\/\" target=\"_blank\">Website besuchen<\/a><\/div>\n<\/p><\/div>\n<\/p><\/div>\n<p>\n\t\t\t\t\t\tInteRed ist eine NGO, die sich auf Bildung und Geschlechtergerechtigkeit spezialisiert hat. Sie besteht seit 1992 und f\u00f6rdert eine transformative Bildung, die eine aktive und engagierte Beteiligung zugunsten von Gerechtigkeit, (insbesondere Geschlechtergerechtigkeit) sowie sozialer und \u00f6kologischer Nachhaltigkeit f\u00f6rdert.\n                            <\/p>\n<p>\n                            InteRed ist eine NGO, die sich auf Bildung und Geschlechtergerechtigkeit spezialisiert hat. Sie besteht seit 1992 und f\u00f6rdert eine transformative Bildung, die eine aktive und engagierte Beteiligung zugunsten von Gerechtigkeit, (insbesondere Geschlechtergerechtigkeit) sowie sozialer und \u00f6kologischer Nachhaltigkeit f\u00f6rdert.<\/p>\n<p>\n                                InteRed arbeitet in 11 L\u00e4ndern, einschlie\u00dflich Spanien, wo es 11 regionale Delegationen und viele Partner, Spender*innen und Freiwillige hat.\n                            <\/p>\n<p>\n                                <b>MISSION:<\/b>Wir sind eine von der Teresianischen Vereinigung gef\u00f6rderte NGO, die sich f\u00fcr eine transformative Bildung einsetzt, die die aktive Beteiligung aller Menschen zugunsten von Gerechtigkeit (insbesondere Geschlechtergleichheit) sowie sozialer und \u00f6kologischer Nachhaltigkeit f\u00f6rdert.<br \/>\n                                <br \/><b>VISION:<\/b>Eine Organisation, die Bildungsprozesse f\u00fcr pers\u00f6nliche und kollektive Ver\u00e4nderungen zugunsten von sozialer Gerechtigkeit, Gleichberechtigung sowie der Sorge um Mensch und Natur f\u00f6rdert und offen f\u00fcr die Teilnahme sowie den Dialog mit Gruppen und Einzelpersonen aus verschiedenen L\u00e4ndern ist.<br \/>\n                                <br \/><b>WERTE:<\/b> Wir f\u00f6rdern und leben Werte wie Koh\u00e4renz, F\u00fcrsorge f\u00fcr Menschen und den Planeten, Gerechtigkeit, Mitverantwortung, Partizipation, Solidarit\u00e4t und Transparenz<\/p>\n<\/p><\/div>\n<\/p><\/div>\n<\/li>\n<p>\t\t\t\t<!-- Partner 2--><\/p>\n<p>\t\t\t\t<!-- Partner 3--><\/p>\n<li>\n<div class=\"uk-child-width-expand@s\" uk-grid>\n<div class=\"uk-width-1-1\">\n<div class=\"uk-flex uk-flex-middle\">\n<div class=\"uk-width-1-4@m inline-block\">\n                            <img decoding=\"async\" src=\"\/wp-content\/uploads\/2021\/05\/cesie-logo-1.png\"><\/div>\n<div class=\"uk-width-1-4@m inline-block\">\n<div class=\"foo-tab2\"><a href=\"https:\/\/cesie.org\/\" target=\"_blank\">Website besuchen<\/a><\/div>\n<\/p><\/div>\n<\/p><\/div>\n<p>CESIE ist ein Europ\u00e4isches Zentrum f\u00fcr Studien und Initiativen mit Sitz in Palermo, Sizilien, das 2001 gegr\u00fcndet wurde. Es wurde inspiriert von der Arbeit und den Theorien des Soziologen, Aktivisten und Erziehers Danilo Dolci (1924-1997).\n<\/p>\n<p>Unsere Mission ist es, Bildungsinnovation, Partizipation und Wachstum zu f\u00f6rdern.\n<\/p>\n<p>Der Slogan von CESIE \u201cdie Welt ist nur ein Gesch\u00f6pf\u201d dr\u00fcckt die Philosophie aus, f\u00fcr die die Organisation arbeitet: Inklusion und Gerechtigkeit f\u00fcr alle.\n<\/p>\n<p>CESIE ist in 6 Haupteinheiten strukturiert:<\/p>\n<p>\n<b>Hochschulbildung und Forschung:<\/b>  F\u00f6rderung von Fortschritt, nachhaltiger und verantwortungsvoller Forschung und Innovation in Hochschul- und Forschungssystemen;<br \/>\n<br \/><b>Rechte und Gerechtigkeit:<\/b>F\u00f6rderung der Gleichheit, Schutz der Rechte von Menschen, Pr\u00e4vention und Entwicklung von Antworten auf Gewalt und Diskriminierung;<br \/>\n<br \/><b>Erwachsene:<\/b> Aufwertung des lebenslangen Lernens in der Erwachsenenbildung, F\u00f6rderung innovativer Praktiken und Entwicklung von Schl\u00fcsselkompetenzen f\u00fcr Erwachsene;<br \/>\n<br \/><b>Migration:<\/b> Entwicklung effektiver und inklusiver Ans\u00e4tze f\u00fcr Asylsuchende sowie f\u00fcr Menschen mit Flucht- und Migrationshintergrund;<br \/>\n<br \/><b>Schule:<\/b> Verbesserung von Qualit\u00e4t und Effizienz in der Schulbildung;<br \/>\n<br \/><b>Jugend:<\/b> F\u00f6rderung der aktiven B\u00fcrger*innenschaft, der Ausbildung, der Bildung und der Mobilit\u00e4t von jungen Menschen.<\/p>\n<\/p><\/div>\n<\/p><\/div>\n<\/li>\n<p>\t\t\t\t<!-- Partner 4--><\/p>\n<li>\n<div class=\"uk-child-width-expand@s\" uk-grid>\n<div class=\"uk-width-1-1\">\n<div class=\"uk-flex uk-flex-middle\">\n<div class=\"uk-width-1-4@m inline-block\">\n                            <img decoding=\"async\" src=\"\/wp-content\/uploads\/2021\/05\/logo-kmop-1.jpg\"><\/div>\n<div class=\"uk-width-1-4@m inline-block\">\n<div class=\"foo-tab2\"><a href=\"https:\/\/www.kmop.gr\/\" target=\"_blank\">Website besuchen<\/a><\/div>\n<\/p><\/div>\n<\/p><\/div>\n<p>\n\t\t\t\t\t\tKMOP &#8211; Social Action and Innovation Centre &#8211; ist eine NGO mit Sitz in Athen, Griechenland, die \u00fcber mehr als 40 Jahre Erfahrung in den Bereichen nachhaltige Entwicklung, soziales Wachstum, Schutz der Menschenrechte, soziale Inklusion und Politikforschung verf\u00fcgt. KMOP konzentriert sich auf den Aufbau beziehungsweise die F\u00f6rderung der Resilienz von Menschen, die Bek\u00e4mpfung von Ungleichheiten und die Unterst\u00fctzung von inklusivem und nachhaltigem Wachstum durch die Entwicklung und Umsetzung einer Vielzahl von innovativen Instrumenten, Programmen und Strategien. Neben der direkten Bereitstellung von sozialen Dienstleistungen bezieht sich die Expertise von KMOP auf die Gestaltung und Umsetzung von wirkungsvollen Programmen in den Bereichen Bildung, Migration, Menschenrechtsschutz, Besch\u00e4ftigung, psychische Gesundheit und Sozialwirtschaft.\n<\/p>\n<p>KMOP ist der Projektkoordinator von POLITEIA. Im Bereich Bildung verf\u00fcgt die Organisation \u00fcber jahrelange Erfahrung in der Umsetzung relevanter Projekte und hat eine kontinuierliche erfolgreiche Zusammenarbeit mit dem griechischen Bildungsministerium und der Youth Lifelong Learning Education Foundation aufgebaut. Dar\u00fcber hinaus besch\u00e4ftigt sich KMOP seit langem mit der Umsetzung von Programmen f\u00fcr lebenslanges Lernen, nicht-formales Lernen und Kapazit\u00e4tsaufbau f\u00fcr sozial benachteiligte Menschen.<\/p>\n<\/p><\/div>\n<\/p><\/div>\n<\/li>\n<li>\n<div class=\"uk-child-width-expand@s\" uk-grid>\n<div class=\"uk-width-1-1\">\n<div class=\"uk-flex uk-flex-middle\">\n<div class=\"uk-width-1-4@m inline-block\">\n                            <img decoding=\"async\" src=\"\/wp-content\/uploads\/2021\/05\/cardet.svg\"><\/div>\n<div class=\"uk-width-1-4@m inline-block\">\n<div class=\"foo-tab2\"><a href=\"https:\/\/cardet.org\/\" target=\"_blank\">Website besuchen<\/a><\/div>\n<\/p><\/div>\n<\/p><\/div>\n<p>\n\t\t\t\t\t\tCARDET ist eines der f\u00fchrenden Forschungs- und Entwicklungszentren im Mittelmeerraum mit globaler Expertise in Projektdesign und -umsetzung, Kapazit\u00e4tsaufbau und E-Learning. CARDET ist unabh\u00e4ngig mit Universit\u00e4ten und Institutionen aus der ganzen Welt verbunden, wie z. B. der Yale University, der University of Nicosia und dem International Council of Educational Media. CARDET hat zahlreiche Projekte in den Bereichen Kapazit\u00e4tsaufbau und -planung in der Bildung und Berufsbildung, Jugendf\u00f6rderung, Erwachsenenbildung, Alphabetisierung, digitale Werkzeuge, eLearning, Bildungstechnologie und soziale Inklusion von Randgruppen durchgef\u00fchrt. Eine unserer Kernst\u00e4rken ist unsere F\u00e4higkeit, Projekte in verschiedenen Kontexten sorgf\u00e4ltig zu planen, zu implementieren, durchzuf\u00fchren sowie zu evaluieren.<\/p>\n<\/p><\/div>\n<\/p><\/div>\n<\/li>\n<p>\t\t\t\t<!-- Partner 5--><\/p>\n<li>\n<div class=\"uk-child-width-expand@s\" uk-grid>\n<div class=\"uk-width-1-1\">\n<div class=\"uk-flex uk-flex-middle\">\n<div class=\"uk-width-1-4@m inline-block\">\n                            <img decoding=\"async\" src=\"\/wp-content\/uploads\/2021\/05\/csm_logo_SW_blanco_fb73845432.jpg\"><\/div>\n<div class=\"uk-width-1-4@m inline-block\">\n<div class=\"foo-tab2\"><a href=\"https:\/\/www.suedwind.at\/\" target=\"_blank\">Website besuchen<\/a><\/div>\n<\/p><\/div>\n<\/p><\/div>\n<p>\n\t\t\t\t\t\tS\u00fcdwind ist eine unabh\u00e4ngige \u00f6sterreichische Menschenrechtsorganisation. Seit mehr als 40 Jahren setzt sich S\u00fcdwind f\u00fcr soziale Gerechtigkeit, faire Arbeitsbedingungen und eine nachhaltige globale Entwicklung ein. Durch Bildungsarbeit, \u00d6ffentlichkeitsarbeit und Kampagnenarbeit thematisiert S\u00fcdwind globale Zusammenh\u00e4nge und deren soziale Auswirkungen. Mit \u00f6ffentlichen Kampagnen, Bewusstseinsbildung und durch Bildungsarbeit setzt sich S\u00fcdwind f\u00fcr eine gerechtere Welt und ein gutes Leben f\u00fcr alle ein. S\u00fcdwind ist langj\u00e4hriges Mitglied der \u00d6sterreichischen Plattform f\u00fcr Entwicklung und humanit\u00e4re Hilfe sowie des \u00d6sterreichischen B\u00fcndnisses f\u00fcr Klimagerechtigkeit.<\/p>\n<\/p><\/div>\n<\/p><\/div>\n<\/li>\n<\/ul><\/div>\n<div class=\"uk-hidden@s uk-light\">\n            <a class=\"uk-position-center-left uk-position-small\" href=\"#\" uk-slidenav-previous uk-slider-item=\"previous\"><\/a><br \/>\n            <a class=\"uk-position-center-right uk-position-small\" href=\"#\" uk-slidenav-next uk-slider-item=\"next\"><\/a>\n        <\/div>\n<div class=\"uk-visible@s\">\n            <a class=\"uk-position-center-left-out uk-position-small\" href=\"#\" uk-slidenav-previous uk-slider-item=\"previous\"><\/a><br \/>\n            <a class=\"uk-position-center-right-out uk-position-small\" href=\"#\" uk-slidenav-next uk-slider-item=\"next\"><\/a>\n        <\/div>\n<\/p><\/div>\n<ul class=\"uk-slider-nav uk-dotnav uk-flex-center uk-margin\"><\/ul>\n<\/div>\n<\/div>\n<p><!--more--><br \/>\n<!-- {\"type\":\"layout\",\"children\":[{\"type\":\"section\",\"props\":{\"style\":\"default\",\"width\":\"default\",\"vertical_align\":\"middle\",\"title_position\":\"top-left\",\"title_rotation\":\"left\",\"title_breakpoint\":\"xl\",\"image_position\":\"center-center\",\"padding_remove_top\":true},\"children\":[{\"type\":\"row\",\"children\":[{\"type\":\"column\",\"props\":{\"image_position\":\"center-center\",\"media_overlay_gradient\":\"\"},\"children\":[{\"type\":\"headline\",\"props\":{\"title_element\":\"h1\",\"class\":\"color-primary\",\"content\":\"<strong>PARTNER<\\\/strong>\",\"title_style\":\"heading-small\"},\"modified\":\"2021-05-12T09:39:05.729Z\",\"name\":\"Headers\"},{\"type\":\"text\",\"props\":{\"margin\":\"default\",\"column_breakpoint\":\"m\",\"content\":\"\\n\n\n<div uk-slider>\\n\\n    \n\n<div class=\\\"uk-position-relative\\\">\\n\\n        \n\n<div class=\\\"uk-slider-container\\\">\\n            \n\n<ul class=\\\"custom-slider-items uk-slider-items uk-child-width-1-1 uk-flex uk-flex-middle\\\">\\n                <!-- Partner 1-->\\n\\t\\t\\t\\t<\/p>\n<li>\\n\n<div class=\\\"uk-child-width-expand@s\\\" uk-grid>\\n\\t\\t\\t\\t\\t\\t<\/p>\n<div class=\\\"uk-width-1-1\\\">\\n\\t\\t\\t\\t\\t\\t<\/p>\n<div class=\\\"uk-flex uk-flex-middle\\\">\\n                            <\/p>\n<div class=\\\"uk-width-1-4@m inline-block\\\">\\n                            <img src=\\\"wp-content\\\/uploads\\\/2021\\\/05\\\/intered-ingles-claim.png\\\"><\\\/div>\\n                            <\/p>\n<div class=\\\"uk-width-1-4@m inline-block\\\">\\n\\t\\t\\t\\t\\t\\t\\t<\/p>\n<div class=\\\"foo-tab2\\\"><a href=\\\"http:\\\/\\\/intered.org\\\/\\\" target=\\\"_blank\\\">Website besuchen<\\\/a><\\\/div>\\n                            <\\\/div> <\\\/div>\\n\\t\\t\\t\\t\\t\\t<\/p>\n<p>\\n\\t\\t\\t\\t\\t\\tInteRed ist eine NGO, die sich auf Bildung und Geschlechtergerechtigkeit spezialisiert hat. Sie besteht seit 1992 und f\\u00f6rdert eine transformative Bildung, die eine aktive und engagierte Beteiligung zugunsten von Gerechtigkeit, (insbesondere Geschlechtergerechtigkeit) sowie sozialer und \\u00f6kologischer Nachhaltigkeit f\\u00f6rdert.\\n                            <\\\/p>\\n                            <\/p>\n<p>\\n                            InteRed ist eine NGO, die sich auf Bildung und Geschlechtergerechtigkeit spezialisiert hat. Sie besteht seit 1992 und f\\u00f6rdert eine transformative Bildung, die eine aktive und engagierte Beteiligung zugunsten von Gerechtigkeit, (insbesondere Geschlechtergerechtigkeit) sowie sozialer und \\u00f6kologischer Nachhaltigkeit f\\u00f6rdert.\\n\\n                            <\\\/p>\\n                            <\/p>\n<p>\\n                                InteRed arbeitet in 11 L\\u00e4ndern, einschlie\\u00dflich Spanien, wo es 11 regionale Delegationen und viele Partner, Spender*innen und Freiwillige hat. \\n                            <\\\/p>\\n                            <\/p>\n<p>\\n                                <b>MISSION:<\\\/b>Wir sind eine von der Teresianischen Vereinigung gef\\u00f6rderte NGO, die sich f\\u00fcr eine transformative Bildung einsetzt, die die aktive Beteiligung aller Menschen zugunsten von Gerechtigkeit (insbesondere Geschlechtergleichheit) sowie sozialer und \\u00f6kologischer Nachhaltigkeit f\\u00f6rdert.\\n                                <br \/><b>VISION:<\\\/b>Eine Organisation, die Bildungsprozesse f\\u00fcr pers\\u00f6nliche und kollektive Ver\\u00e4nderungen zugunsten von sozialer Gerechtigkeit, Gleichberechtigung sowie der Sorge um Mensch und Natur f\\u00f6rdert und offen f\\u00fcr die Teilnahme sowie den Dialog mit Gruppen und Einzelpersonen aus verschiedenen L\\u00e4ndern ist.\\n                                <br \/><b>WERTE:<\\\/b> Wir f\\u00f6rdern und leben Werte wie Koh\\u00e4renz, F\\u00fcrsorge f\\u00fcr Menschen und den Planeten, Gerechtigkeit, Mitverantwortung, Partizipation, Solidarit\\u00e4t und Transparenz\\n\\n                            <\\\/p>\\n\\t\\t\\t\\t\\t\\t<\\\/div>\\n\\t\\t\\t\\t\\t\\t\\n\\t\\t\\t\\t\\t\\t\\n\\t\\t\\t\\t\\t\\t<\\\/div>   \\n\\t\\t\\t\\t\\n\\t\\t\\t\\t   \\n                <\\\/li>\\n\\t\\t\\t\\t\\n\\t\\t\\t\\t\\n\\t\\t\\t\\t<!-- Partner 2-->\\n\\t\\t\\t\\t\\n\\t\\t\\t\\t\\n\\t\\t\\t\\t\\n\\t\\t\\t\\t<!-- Partner 3-->\\n\\t\\t\\t\\t<\/p>\n<li>\\n                    \\n\\t\\t\\t\\t\\t \\n\\t\\t\\t\\t\\t\n<div class=\\\"uk-child-width-expand@s\\\" uk-grid>\\n\\t\\t\\t\\t\\t\\t<\/p>\n<div class=\\\"uk-width-1-1\\\">\\n\\t\\t\\t\\t\\t\\t<\/p>\n<div class=\\\"uk-flex uk-flex-middle\\\">\\n                            <\/p>\n<div class=\\\"uk-width-1-4@m inline-block\\\">\\n                            <img src=\\\"wp-content\\\/uploads\\\/2021\\\/05\\\/cesie-logo-1.png\\\"><\\\/div>\\n                            <\/p>\n<div class=\\\"uk-width-1-4@m inline-block\\\">\\n\\t\\t\\t\\t\\t\\t\\t<\/p>\n<div class=\\\"foo-tab2\\\"><a href=\\\"https:\\\/\\\/cesie.org\\\/\\\" target=\\\"_blank\\\">Website besuchen<\\\/a><\\\/div>\\n                            <\\\/div> <\\\/div>\\n\\t\\t\\t\\t\\t\\t<\/p>\n<p>CESIE ist ein Europ\\u00e4isches Zentrum f\\u00fcr Studien und Initiativen mit Sitz in Palermo, Sizilien, das 2001 gegr\\u00fcndet wurde. Es wurde inspiriert von der Arbeit und den Theorien des Soziologen, Aktivisten und Erziehers Danilo Dolci (1924-1997).\\n<\\\/p><\/p>\n<p>Unsere Mission ist es, Bildungsinnovation, Partizipation und Wachstum zu f\\u00f6rdern. \\n<\\\/p><\/p>\n<p>Der Slogan von CESIE \\u201cdie Welt ist nur ein Gesch\\u00f6pf\\u201d dr\\u00fcckt die Philosophie aus, f\\u00fcr die die Organisation arbeitet: Inklusion und Gerechtigkeit f\\u00fcr alle.\\n<\\\/p><\/p>\n<p>CESIE ist in 6 Haupteinheiten strukturiert:<\/p>\n<p>\\n<b>Hochschulbildung und Forschung:<\\\/b>  F\\u00f6rderung von Fortschritt, nachhaltiger und verantwortungsvoller Forschung und Innovation in Hochschul- und Forschungssystemen;\\n<br \/><b>Rechte und Gerechtigkeit:<\\\/b>F\\u00f6rderung der Gleichheit, Schutz der Rechte von Menschen, Pr\\u00e4vention und Entwicklung von Antworten auf Gewalt und Diskriminierung;\\n<br \/><b>Erwachsene:<\\\/b> Aufwertung des lebenslangen Lernens in der Erwachsenenbildung, F\\u00f6rderung innovativer Praktiken und Entwicklung von Schl\\u00fcsselkompetenzen f\\u00fcr Erwachsene;\\n<br \/><b>Migration:<\\\/b> Entwicklung effektiver und inklusiver Ans\\u00e4tze f\\u00fcr Asylsuchende sowie f\\u00fcr Menschen mit Flucht- und Migrationshintergrund;\\n<br \/><b>Schule:<\\\/b> Verbesserung von Qualit\\u00e4t und Effizienz in der Schulbildung;\\n<br \/><b>Jugend:<\\\/b> F\\u00f6rderung der aktiven B\\u00fcrger*innenschaft, der Ausbildung, der Bildung und der Mobilit\\u00e4t von jungen Menschen.<\\\/p>\\n\\t\\t\\t\\t\\t\\t<\\\/div>\\n\\t\\t\\t\\t\\t\\t\\n\\t\\t\\t\\t\\t\\t\\n\\t\\t\\t\\t\\t\\t<\\\/div>   \\n                <\\\/li>\\n\\t\\t\\t\\t\\n\\t\\t\\t\\t\\n\\t\\t\\t\\t<!-- Partner 4-->\\n\\t\\t\\t\\t<\/p>\n<li>\\n\n<div class=\\\"uk-child-width-expand@s\\\" uk-grid>\\n\\t\\t\\t\\t\\t\\t<\/p>\n<div class=\\\"uk-width-1-1\\\">\\n\\t\\t\\t\\t\\t\\t<\/p>\n<div class=\\\"uk-flex uk-flex-middle\\\">\\n                            <\/p>\n<div class=\\\"uk-width-1-4@m inline-block\\\">\\n                            <img src=\\\"wp-content\\\/uploads\\\/2021\\\/05\\\/logo-kmop-1.jpg\\\"><\\\/div>\\n                            <\/p>\n<div class=\\\"uk-width-1-4@m inline-block\\\">\\n\\t\\t\\t\\t\\t\\t\\t<\/p>\n<div class=\\\"foo-tab2\\\"><a href=\\\"https:\\\/\\\/www.kmop.gr\\\/\\\" target=\\\"_blank\\\">Website besuchen<\\\/a><\\\/div>\\n                            <\\\/div> <\\\/div>\\n\\t\\t\\t\\t\\t\\t<\/p>\n<p>\\n\\t\\t\\t\\t\\t\\tKMOP &#8211; Social Action and Innovation Centre &#8211; ist eine NGO mit Sitz in Athen, Griechenland, die \\u00fcber mehr als 40 Jahre Erfahrung in den Bereichen nachhaltige Entwicklung, soziales Wachstum, Schutz der Menschenrechte, soziale Inklusion und Politikforschung verf\\u00fcgt. KMOP konzentriert sich auf den Aufbau beziehungsweise die F\\u00f6rderung der Resilienz von Menschen, die Bek\\u00e4mpfung von Ungleichheiten und die Unterst\\u00fctzung von inklusivem und nachhaltigem Wachstum durch die Entwicklung und Umsetzung einer Vielzahl von innovativen Instrumenten, Programmen und Strategien. Neben der direkten Bereitstellung von sozialen Dienstleistungen bezieht sich die Expertise von KMOP auf die Gestaltung und Umsetzung von wirkungsvollen Programmen in den Bereichen Bildung, Migration, Menschenrechtsschutz, Besch\\u00e4ftigung, psychische Gesundheit und Sozialwirtschaft. \\n<\\\/p><\/p>\n<p>KMOP ist der Projektkoordinator von POLITEIA. Im Bereich Bildung verf\\u00fcgt die Organisation \\u00fcber jahrelange Erfahrung in der Umsetzung relevanter Projekte und hat eine kontinuierliche erfolgreiche Zusammenarbeit mit dem griechischen Bildungsministerium und der Youth Lifelong Learning Education Foundation aufgebaut. Dar\\u00fcber hinaus besch\\u00e4ftigt sich KMOP seit langem mit der Umsetzung von Programmen f\\u00fcr lebenslanges Lernen, nicht-formales Lernen und Kapazit\\u00e4tsaufbau f\\u00fcr sozial benachteiligte Menschen.<\\\/p>\\n\\t\\t\\t\\t\\t\\t<\\\/div>\\n\\t\\t\\t\\t\\t\\t\\n\\t\\t\\t\\t\\t\\t\\n\\t\\t\\t\\t\\t\\t<\\\/div>   \\n\\t\\t\\t\\t\\n                <\\\/li>\\n\\t\\t\\t\\t\\n\\t\\t\\t\\t<\/p>\n<li>\\n                    \\n\\t\\t\\t\\t\\t\n<div class=\\\"uk-child-width-expand@s\\\" uk-grid>\\n\\t\\t\\t\\t\\t\\t<\/p>\n<div class=\\\"uk-width-1-1\\\">\\n\\t\\t\\t\\t\\t\\t<\/p>\n<div class=\\\"uk-flex uk-flex-middle\\\">\\n                            <\/p>\n<div class=\\\"uk-width-1-4@m inline-block\\\">\\n                            <img src=\\\"wp-content\\\/uploads\\\/2021\\\/05\\\/cardet.svg\\\"><\\\/div>\\n                            <\/p>\n<div class=\\\"uk-width-1-4@m inline-block\\\">\\n\\t\\t\\t\\t\\t\\t\\t<\/p>\n<div class=\\\"foo-tab2\\\"><a href=\\\"https:\\\/\\\/cardet.org\\\/\\\" target=\\\"_blank\\\">Website besuchen<\\\/a><\\\/div>\\n                            <\\\/div> <\\\/div>\\n\\t\\t\\t\\t\\t\\t<\/p>\n<p>\\n\\t\\t\\t\\t\\t\\tCARDET ist eines der f\\u00fchrenden Forschungs- und Entwicklungszentren im Mittelmeerraum mit globaler Expertise in Projektdesign und -umsetzung, Kapazit\\u00e4tsaufbau und E-Learning. CARDET ist unabh\\u00e4ngig mit Universit\\u00e4ten und Institutionen aus der ganzen Welt verbunden, wie z. B. der Yale University, der University of Nicosia und dem International Council of Educational Media. CARDET hat zahlreiche Projekte in den Bereichen Kapazit\\u00e4tsaufbau und -planung in der Bildung und Berufsbildung, Jugendf\\u00f6rderung, Erwachsenenbildung, Alphabetisierung, digitale Werkzeuge, eLearning, Bildungstechnologie und soziale Inklusion von Randgruppen durchgef\\u00fchrt. Eine unserer Kernst\\u00e4rken ist unsere F\\u00e4higkeit, Projekte in verschiedenen Kontexten sorgf\\u00e4ltig zu planen, zu implementieren, durchzuf\\u00fchren sowie zu evaluieren.<\\\/p>\\n\\t\\t\\t\\t\\t\\t<\\\/div>\\n\\t\\t\\t\\t\\t\\t\\n\\t\\t\\t\\t\\t\\t\\n\\t\\t\\t\\t\\t\\t<\\\/div>   \\n\\t\\t\\t\\t\\n\\t\\t\\t\\t\\t\\n                <\\\/li>\\n\\t\\t\\t\\t<!-- Partner 5-->\\n\\t\\t\\t\\t<\/p>\n<li>\\n\n<div class=\\\"uk-child-width-expand@s\\\" uk-grid>\\n\\t\\t\\t\\t\\t\\t<\/p>\n<div class=\\\"uk-width-1-1\\\">\\n\\t\\t\\t\\t\\t\\t<\/p>\n<div class=\\\"uk-flex uk-flex-middle\\\">\\n                            <\/p>\n<div class=\\\"uk-width-1-4@m inline-block\\\">\\n                            <img src=\\\"wp-content\\\/uploads\\\/2021\\\/05\\\/csm_logo_SW_blanco_fb73845432.jpg\\\"><\\\/div>\\n                            <\/p>\n<div class=\\\"uk-width-1-4@m inline-block\\\">\\n\\t\\t\\t\\t\\t\\t\\t<\/p>\n<div class=\\\"foo-tab2\\\"><a href=\\\"https:\\\/\\\/www.suedwind.at\\\/\\\" target=\\\"_blank\\\">Website besuchen<\\\/a><\\\/div>\\n                            <\\\/div> <\\\/div>\\n\\t\\t\\t\\t\\t\\t<\/p>\n<p>\\n\\t\\t\\t\\t\\t\\tS\\u00fcdwind ist eine unabh\\u00e4ngige \\u00f6sterreichische Menschenrechtsorganisation. Seit mehr als 40 Jahren setzt sich S\\u00fcdwind f\\u00fcr soziale Gerechtigkeit, faire Arbeitsbedingungen und eine nachhaltige globale Entwicklung ein. Durch Bildungsarbeit, \\u00d6ffentlichkeitsarbeit und Kampagnenarbeit thematisiert S\\u00fcdwind globale Zusammenh\\u00e4nge und deren soziale Auswirkungen. Mit \\u00f6ffentlichen Kampagnen, Bewusstseinsbildung und durch Bildungsarbeit setzt sich S\\u00fcdwind f\\u00fcr eine gerechtere Welt und ein gutes Leben f\\u00fcr alle ein. S\\u00fcdwind ist langj\\u00e4hriges Mitglied der \\u00d6sterreichischen Plattform f\\u00fcr Entwicklung und humanit\\u00e4re Hilfe sowie des \\u00d6sterreichischen B\\u00fcndnisses f\\u00fcr Klimagerechtigkeit.\\n\\n<\\\/p>\\n\\t\\t\\t\\t\\t\\t<\\\/div>\\n\\t\\t\\t\\t\\t\\t\\n\\t\\t\\t\\t\\t\\t\\n\\t\\t\\t\\t\\t\\t<\\\/div>   \\n\\t\\t\\t\\t\\n                <\\\/li>\\n\\t\\t\\t\\t\\n\\t\\t\\t\\t\\n\\t\\t\\t\\t\\n                \\n            <\\\/ul>\\n        <\\\/div>\\n\\n        <\/p>\n<div class=\\\"uk-hidden@s uk-light\\\">\\n            <a class=\\\"uk-position-center-left uk-position-small\\\" href=\\\"#\\\" uk-slidenav-previous uk-slider-item=\\\"previous\\\"><\\\/a>\\n            <a class=\\\"uk-position-center-right uk-position-small\\\" href=\\\"#\\\" uk-slidenav-next uk-slider-item=\\\"next\\\"><\\\/a>\\n        <\\\/div>\\n\\n        <\/p>\n<div class=\\\"uk-visible@s\\\">\\n            <a class=\\\"uk-position-center-left-out uk-position-small\\\" href=\\\"#\\\" uk-slidenav-previous uk-slider-item=\\\"previous\\\"><\\\/a>\\n            <a class=\\\"uk-position-center-right-out uk-position-small\\\" href=\\\"#\\\" uk-slidenav-next uk-slider-item=\\\"next\\\"><\\\/a>\\n        <\\\/div>\\n\\n    <\\\/div>\\n\\n    <\/p>\n<ul class=\\\"uk-slider-nav uk-dotnav uk-flex-center uk-margin\\\"><\\\/ul>\\n\\n<\\\/div>&#8222;,&#8220;css&#8220;:&#8220;.foo-tab2{margin-left:30px;}\\n\\n.el-element{margin-top:45px !important;}&#8220;}}]}]}]}],&#8220;version&#8220;:&#8220;2.4.14&#8243;} &#8211;><\/p>\n","protected":false},"excerpt":{"rendered":"<p>PARTNER Website besuchen InteRed ist eine NGO, die sich auf Bildung und Geschlechtergerechtigkeit spezialisiert hat. Sie besteht seit 1992 und&#8230;<\/p>\n","protected":false},"author":2,"featured_media":0,"parent":0,"menu_order":0,"comment_status":"closed","ping_status":"closed","template":"","meta":{"_acf_changed":false,"footnotes":""},"class_list":["post-587","page","type-page","status-publish","hentry"],"acf":[],"_links":{"self":[{"href":"https:\/\/feinamc.eu\/de\/wp-json\/wp\/v2\/pages\/587","targetHints":{"allow":["GET"]}}],"collection":[{"href":"https:\/\/feinamc.eu\/de\/wp-json\/wp\/v2\/pages"}],"about":[{"href":"https:\/\/feinamc.eu\/de\/wp-json\/wp\/v2\/types\/page"}],"author":[{"embeddable":true,"href":"https:\/\/feinamc.eu\/de\/wp-json\/wp\/v2\/users\/2"}],"replies":[{"embeddable":true,"href":"https:\/\/feinamc.eu\/de\/wp-json\/wp\/v2\/comments?post=587"}],"version-history":[{"count":4,"href":"https:\/\/feinamc.eu\/de\/wp-json\/wp\/v2\/pages\/587\/revisions"}],"predecessor-version":[{"id":629,"href":"https:\/\/feinamc.eu\/de\/wp-json\/wp\/v2\/pages\/587\/revisions\/629"}],"wp:attachment":[{"href":"https:\/\/feinamc.eu\/de\/wp-json\/wp\/v2\/media?parent=587"}],"curies":[{"name":"wp","href":"https:\/\/api.w.org\/{rel}","templated":true}]}}