{"id":600,"date":"2021-05-11T06:19:11","date_gmt":"2021-05-11T06:19:11","guid":{"rendered":"https:\/\/feinamc.eu\/news\/"},"modified":"2022-07-13T06:49:05","modified_gmt":"2022-07-13T06:49:05","slug":"news","status":"publish","type":"page","link":"https:\/\/feinamc.eu\/de\/news\/","title":{"rendered":"Neuigkeiten"},"content":{"rendered":"<h1><strong>Neuigkeiten<\/strong><\/h1>\n<p><iframe src=\"https:\/\/youtu.be\/Uf52HeLERm8\"><\/iframe><\/p>\n<div>\n\n    <div id=\"wk-grid5d2\" class=\"uk-child-width-1-1 uk-child-width-1-2@s uk-child-width-1-2@m uk-child-width-1-3@l uk-child-width-1-3@xl uk-grid-match uk-text-left widget-home\" uk-height-match=\"target: > div > .uk-panel, > div > .uk-card; row: true\" uk-grid >\n\n    \n        <div >\n            <div class=\"uk-card uk-card-default uk-card-hover\">\n\n                                <a class=\"uk-position-cover uk-position-z-index\" href=\"https:\/\/feinamc.eu\/de\/2023\/03\/28\/suedwind-praesentiert-tools-zur-staerkung-der-inklusion-anoesterreichs-schulen\/\" title=\"S\u00dcDWIND PR\u00c4SENTIERT TOOLS ZUR ST\u00c4RKUNG DER INKLUSION AN&lt;br&gt;\u00d6STERREICHS SCHULEN\"><\/a>\n                \n                \n                \n                \n                                        <div class=\"uk-card-body\">\n                    \n                                                <div class=\"uk-margin uk-text-center\"><img decoding=\"async\" src=\"https:\/\/feinamc.eu\/wp-content\/uploads\/2021\/05\/news1.png\" alt=\"S\u00dcDWIND PR\u00c4SENTIERT TOOLS ZUR ST\u00c4RKUNG DER INKLUSION AN\u00d6STERREICHS SCHULEN\"><\/div>\n                        \n                                                <h3 class=\"uk-panel uk-margin-remove-top\">\n\n                                                            <a class=\"uk-link-reset\" href=\"https:\/\/feinamc.eu\/de\/2023\/03\/28\/suedwind-praesentiert-tools-zur-staerkung-der-inklusion-anoesterreichs-schulen\/\">S\u00dcDWIND PR\u00c4SENTIERT TOOLS ZUR ST\u00c4RKUNG DER INKLUSION AN<br>\u00d6STERREICHS SCHULEN<\/a>\n                            \n                            \n                        <\/h3>\n                        \n                        \n                        \n                        \n                        \n                        \n                                        <\/div>\n                    \n                \n            <\/div>\n        <\/div>\n\n    \n        <div >\n            <div class=\"uk-card uk-card-default uk-card-hover\">\n\n                                <a class=\"uk-position-cover uk-position-z-index\" href=\"https:\/\/feinamc.eu\/de\/2023\/01\/02\/4th-newsletter\/\" title=\"Newsletter(4)\"><\/a>\n                \n                \n                \n                \n                                        <div class=\"uk-card-body\">\n                    \n                                                <div class=\"uk-margin uk-text-center\"><img decoding=\"async\" src=\"https:\/\/feinamc.eu\/wp-content\/uploads\/2021\/05\/news1.png\" alt=\"Newsletter(4)\"><\/div>\n                        \n                                                <h3 class=\"uk-panel uk-margin-remove-top\">\n\n                                                            <a class=\"uk-link-reset\" href=\"https:\/\/feinamc.eu\/de\/2023\/01\/02\/4th-newsletter\/\">Newsletter(4)<\/a>\n                            \n                            \n                        <\/h3>\n                        \n                        \n                        \n                                                <div class=\"uk-margin\">In den letzten Monaten stellten Partner in Spanien und \u00d6sterreich verschiedenen Bildungsbeh\u00f6rden, die sich lokal und regional mit\u00a0 dem Thema...<\/div>\n                        \n                        \n                        \n                                        <\/div>\n                    \n                \n            <\/div>\n        <\/div>\n\n    \n        <div >\n            <div class=\"uk-card uk-card-default uk-card-hover\">\n\n                                <a class=\"uk-position-cover uk-position-z-index\" href=\"https:\/\/feinamc.eu\/de\/2022\/09\/20\/3rd-newsletter\/\" title=\"Newsletter(3)\"><\/a>\n                \n                \n                \n                \n                                        <div class=\"uk-card-body\">\n                    \n                                                <div class=\"uk-margin uk-text-center\"><img decoding=\"async\" src=\"https:\/\/feinamc.eu\/wp-content\/uploads\/2021\/05\/news1.png\" alt=\"Newsletter(3)\"><\/div>\n                        \n                                                <h3 class=\"uk-panel uk-margin-remove-top\">\n\n                                                            <a class=\"uk-link-reset\" href=\"https:\/\/feinamc.eu\/de\/2022\/09\/20\/3rd-newsletter\/\">Newsletter(3)<\/a>\n                            \n                            \n                        <\/h3>\n                        \n                        \n                        \n                                                <div class=\"uk-margin\">Despite all challenges imposed by the Covid-19 pandemic, we managed to complete the implementation of the mentoring programme. The students...<\/div>\n                        \n                        \n                        \n                                        <\/div>\n                    \n                \n            <\/div>\n        <\/div>\n\n    \n    <\/div>\n\n<\/div>\n<div> <script src=\"https:\/\/apps.elfsight.com\/p\/platform.js\" defer><\/script><\/p>\n<div class=\"elfsight-app-5be783be-8344-4855-b132-925043cad655\"><\/div>\n<\/div>\n<p><!--more--><br \/>\n<!-- {\"type\":\"layout\",\"children\":[{\"type\":\"section\",\"props\":{\"style\":\"default\",\"width\":\"default\",\"vertical_align\":\"middle\",\"title_position\":\"top-left\",\"title_rotation\":\"left\",\"title_breakpoint\":\"xl\",\"image_position\":\"center-center\",\"padding_remove_top\":true},\"children\":[{\"type\":\"row\",\"children\":[{\"type\":\"column\",\"props\":{\"image_position\":\"center-center\",\"media_overlay_gradient\":\"\"},\"children\":[{\"type\":\"headline\",\"props\":{\"title_element\":\"h1\",\"class\":\"color-primary\",\"content\":\"<strong>Neuigkeiten<\\\/strong>\",\"title_style\":\"heading-small\"},\"modified\":\"2021-05-12T09:39:05.729Z\",\"name\":\"Headers\"},{\"type\":\"video\",\"props\":{\"video_controls\":true,\"margin\":\"default\",\"video\":\"https:\\\/\\\/youtu.be\\\/Uf52HeLERm8\",\"video_width\":\"500px\",\"text_align\":\"center\"}},{\"type\":\"text\",\"props\":{\"margin\":\"default\",\"column_breakpoint\":\"m\",\"content\":\"[widgetkit id=\\\"16\\\"]\",\"css\":\".uk-card-body {padding:0;border:2px solid #000;background-color:#fff;transition:all .5s ease-out;}\\nimg{margin-top:-1px;\\n\\n}\\n\\n.uk-card {\\n-webkit-box-shadow: 7px 7px 0px 0px rgba(51,45,45,0.15);\\n-moz-box-shadow: 7px 7px 0px 0px rgba(51,45,45,0.15);\\nbox-shadow: 7px 7px 0px 0px rgba(51,45,45,0.15);\\n}\\n\\nh3{padding-left:10px;padding-right:10px;font-size:20px;font-weight:bold;}\\n\\n.foo3{\\n  padding-left:10px;padding-right:10px;padding-bottom:10px;\\n}\\n\\n.uk-card{position:relative;border:0px;transition:all .5s ease-out;}\\n\\n.uk-card:hover{position:relative;\\n-webkit-box-shadow: 7px 7px 0px 0px rgba(51,45,45,0);\\n-moz-box-shadow: 7px 7px 0px 0px rgba(51,45,45,0);\\nbox-shadow: 7px 7px 0px 0px rgba(51,45,45,0);\\n   \\n}\"},\"modified\":\"2021-05-13T08:33:50.022Z\",\"name\":\"NEWS WIDGET\"}]}]}]},{\"type\":\"section\",\"props\":{\"style\":\"default\",\"width\":\"default\",\"vertical_align\":\"middle\",\"title_position\":\"top-left\",\"title_rotation\":\"left\",\"title_breakpoint\":\"xl\",\"image_position\":\"center-center\"},\"children\":[{\"type\":\"row\",\"children\":[{\"type\":\"column\",\"props\":{\"image_position\":\"center-center\",\"media_overlay_gradient\":\"\"},\"children\":[{\"type\":\"text\",\"props\":{\"margin\":\"default\",\"column_breakpoint\":\"m\",\"content\":\" <script src=\\\"https:\\\/\\\/apps.elfsight.com\\\/p\\\/platform.js\\\" defer><\\\/script>\\n\n\n<div class=\\\"elfsight-app-5be783be-8344-4855-b132-925043cad655\\\"><\\\/div>\"}}]}]}]}],\"version\":\"2.4.14\"} --><\/p>\n","protected":false},"excerpt":{"rendered":"<p>Neuigkeiten<\/p>\n","protected":false},"author":2,"featured_media":0,"parent":0,"menu_order":0,"comment_status":"closed","ping_status":"closed","template":"","meta":{"_acf_changed":false,"footnotes":""},"class_list":["post-600","page","type-page","status-publish","hentry"],"acf":[],"_links":{"self":[{"href":"https:\/\/feinamc.eu\/de\/wp-json\/wp\/v2\/pages\/600","targetHints":{"allow":["GET"]}}],"collection":[{"href":"https:\/\/feinamc.eu\/de\/wp-json\/wp\/v2\/pages"}],"about":[{"href":"https:\/\/feinamc.eu\/de\/wp-json\/wp\/v2\/types\/page"}],"author":[{"embeddable":true,"href":"https:\/\/feinamc.eu\/de\/wp-json\/wp\/v2\/users\/2"}],"replies":[{"embeddable":true,"href":"https:\/\/feinamc.eu\/de\/wp-json\/wp\/v2\/comments?post=600"}],"version-history":[{"count":4,"href":"https:\/\/feinamc.eu\/de\/wp-json\/wp\/v2\/pages\/600\/revisions"}],"predecessor-version":[{"id":708,"href":"https:\/\/feinamc.eu\/de\/wp-json\/wp\/v2\/pages\/600\/revisions\/708"}],"wp:attachment":[{"href":"https:\/\/feinamc.eu\/de\/wp-json\/wp\/v2\/media?parent=600"}],"curies":[{"name":"wp","href":"https:\/\/api.w.org\/{rel}","templated":true}]}}