{"id":1149,"date":"2023-03-03T07:12:14","date_gmt":"2023-03-03T07:12:14","guid":{"rendered":"https:\/\/feinamc.eu\/?page_id=1149"},"modified":"2023-04-25T09:39:18","modified_gmt":"2023-04-25T09:39:18","slug":"herramienta-de-evaluacion-del-aprendizaje-previo","status":"publish","type":"page","link":"https:\/\/feinamc.eu\/es\/about\/herramienta-de-evaluacion-del-aprendizaje-previo\/","title":{"rendered":"Herramienta de evaluaci\u00f3n del aprendizaje previo"},"content":{"rendered":"<ul>\n<li>\n<p>        <img decoding=\"async\" src=\"\/wp-content\/uploads\/2021\/05\/FEINAMC_favicon_180.svg\" alt=\"\"><\/p>\n<h3>Herramienta de evaluaci\u00f3n del aprendizaje previo del alumnado migrante reci\u00e9n <br \/>Manual de uso<\/h3>\n<p><a href=\"https:\/\/feinamc.eu\/wp-content\/uploads\/2023\/03\/1.Manual-de-uso_Herramienta.pdf\"><\/a><\/p>\n<\/li>\n<li>\n<p>        <img decoding=\"async\" src=\"\/wp-content\/uploads\/2021\/05\/FEINAMC_favicon_180.svg\" alt=\"\"><\/p>\n<h3>Herramienta de evaluaci\u00f3n del aprendizaje previo <br \/>Primero y segundo de educaci\u00f3n secundaria<\/h3>\n<p><a href=\"https:\/\/feinamc.eu\/wp-content\/uploads\/2023\/03\/2.Herramienta_1o-2o-ESO.pdf\"><\/a><\/p>\n<\/li>\n<li>\n<p>        <img decoding=\"async\" src=\"\/wp-content\/uploads\/2021\/05\/FEINAMC_favicon_180.svg\" alt=\"\"><\/p>\n<h3>Herramienta de evaluaci\u00f3n del aprendizaje previo <br \/>Tercero y cuarto de educaci\u00f3n secundaria<\/h3>\n<p><a href=\"https:\/\/feinamc.eu\/wp-content\/uploads\/2023\/03\/3.Herramienta_3o-4o-ESO.pdf\"><\/a><\/p>\n<\/li>\n<li>\n<p>        <img decoding=\"async\" src=\"\/wp-content\/uploads\/2021\/05\/FEINAMC_favicon_180.svg\" alt=\"\"><\/p>\n<h3>Gu\u00eda de validaci\u00f3n de la herramienta de evaluaci\u00f3n del aprendizaje previodel alumnado reci\u00e9n llegado<br \/> Primero y segundo de educaci\u00f3n secundaria<\/h3>\n<p><a href=\"https:\/\/feinamc.eu\/wp-content\/uploads\/2023\/03\/4.Guia-evaluac-result_1_2_ESO.pdf\"><\/a><\/p>\n<\/li>\n<li>\n<p>        <img decoding=\"async\" src=\"\/wp-content\/uploads\/2021\/05\/FEINAMC_favicon_180.svg\" alt=\"\"><\/p>\n<h3>Gu\u00eda de validaci\u00f3n de la herramienta de evaluaci\u00f3n del aprendizaje previodel alumnado reci\u00e9n llegado<br \/> Tercero y cuarto de educaci\u00f3n secundaria<\/h3>\n<p><a href=\"https:\/\/feinamc.eu\/wp-content\/uploads\/2023\/03\/5.Guia-evaluac-result_-3-_4-ESO.pdf\"><\/a><\/p>\n<\/li>\n<\/ul>\n<p><!--more--><br \/>\n<!-- {\"name\":\"this\",\"type\":\"layout\",\"children\":[{\"type\":\"section\",\"props\":{\"style\":\"default\",\"width\":\"default\",\"vertical_align\":\"middle\",\"title_position\":\"top-left\",\"title_rotation\":\"left\",\"title_breakpoint\":\"xl\",\"image_position\":\"center-center\",\"padding_remove_top\":true},\"children\":[{\"type\":\"row\",\"children\":[{\"type\":\"column\",\"props\":{\"image_position\":\"center-center\",\"media_overlay_gradient\":\"\"},\"children\":[{\"type\":\"headline\",\"props\":{\"title_element\":\"h1\"},\"source\":{\"query\":{\"name\":\"pages.singlePage\"},\"props\":{\"content\":{\"filters\":{\"search\":\"\"},\"name\":\"title\"}}}},{\"type\":\"grid\",\"props\":{\"show_title\":true,\"show_meta\":true,\"show_content\":true,\"show_image\":true,\"show_link\":true,\"grid_default\":\"2\",\"grid_medium\":\"5\",\"filter_style\":\"tab\",\"filter_all\":true,\"filter_position\":\"top\",\"filter_align\":\"left\",\"filter_grid_width\":\"auto\",\"filter_grid_breakpoint\":\"m\",\"title_hover_style\":\"reset\",\"title_element\":\"h3\",\"title_align\":\"top\",\"title_grid_width\":\"1-2\",\"title_grid_breakpoint\":\"m\",\"meta_style\":\"meta\",\"meta_align\":\"below-title\",\"meta_element\":\"div\",\"content_column_breakpoint\":\"m\",\"icon_width\":80,\"image_align\":\"top\",\"image_grid_width\":\"1-2\",\"image_grid_breakpoint\":\"m\",\"image_svg_color\":\"emphasis\",\"link_text\":\"\",\"link_style\":\"default\",\"margin\":\"default\",\"item_animation\":\"\",\"text_align\":\"center\",\"class\":\"pdfsit\",\"panel_style\":\"card-default\",\"grid_large\":\"5\",\"grid_xlarge\":\"5\",\"grid_small\":\"2\",\"panel_link\":true,\"link_target\":true},\"children\":[{\"type\":\"grid_item\",\"props\":{\"icon\":\"\",\"title\":\"Herramienta de evaluaci\\u00f3n del aprendizaje previo del alumnado migrante reci\\u00e9n <br \/>Manual de uso\",\"link\":\"https:\\\/\\\/feinamc.eu\\\/wp-content\\\/uploads\\\/2023\\\/03\\\/1.Manual-de-uso_Herramienta.pdf\",\"image\":\"wp-content\\\/uploads\\\/2021\\\/05\\\/FEINAMC_favicon_180.svg\"}},{\"type\":\"grid_item\",\"props\":{\"icon\":\"\",\"title\":\"Herramienta de evaluaci\\u00f3n del aprendizaje previo <br \/>Primero y segundo de educaci\\u00f3n secundaria\",\"link\":\"https:\\\/\\\/feinamc.eu\\\/wp-content\\\/uploads\\\/2023\\\/03\\\/2.Herramienta_1o-2o-ESO.pdf\",\"image\":\"wp-content\\\/uploads\\\/2021\\\/05\\\/FEINAMC_favicon_180.svg\"}},{\"type\":\"grid_item\",\"props\":{\"icon\":\"\",\"title\":\"Herramienta de evaluaci\\u00f3n del aprendizaje previo <br \/>Tercero y cuarto de educaci\\u00f3n secundaria\",\"link\":\"https:\\\/\\\/feinamc.eu\\\/wp-content\\\/uploads\\\/2023\\\/03\\\/3.Herramienta_3o-4o-ESO.pdf\",\"image\":\"wp-content\\\/uploads\\\/2021\\\/05\\\/FEINAMC_favicon_180.svg\",\"meta\":\"\"}},{\"type\":\"grid_item\",\"props\":{\"icon\":\"\",\"title\":\"Gu\\u00eda de validaci\\u00f3n de la herramienta de evaluaci\\u00f3n del aprendizaje previodel alumnado reci\\u00e9n llegado<br \/> Primero y segundo de educaci\\u00f3n secundaria\",\"link\":\"https:\\\/\\\/feinamc.eu\\\/wp-content\\\/uploads\\\/2023\\\/03\\\/4.Guia-evaluac-result_1_2_ESO.pdf\",\"image\":\"wp-content\\\/uploads\\\/2021\\\/05\\\/FEINAMC_favicon_180.svg\"}},{\"type\":\"grid_item\",\"props\":{\"icon\":\"\",\"title\":\"Gu\\u00eda de validaci\\u00f3n de la herramienta de evaluaci\\u00f3n del aprendizaje previodel alumnado reci\\u00e9n llegado<br \/> Tercero y cuarto de educaci\\u00f3n secundaria\",\"link\":\"https:\\\/\\\/feinamc.eu\\\/wp-content\\\/uploads\\\/2023\\\/03\\\/5.Guia-evaluac-result_-3-_4-ESO.pdf\",\"image\":\"wp-content\\\/uploads\\\/2021\\\/05\\\/FEINAMC_favicon_180.svg\"}}]}]}]}]}],\"version\":\"2.4.14\"} --><\/p>\n","protected":false},"excerpt":{"rendered":"<p>Herramienta de evaluaci\u00f3n del aprendizaje previo del alumnado migrante reci\u00e9n Manual de uso Herramienta de evaluaci\u00f3n del aprendizaje previo Primero&#8230;<\/p>\n","protected":false},"author":2,"featured_media":0,"parent":580,"menu_order":0,"comment_status":"closed","ping_status":"closed","template":"","meta":{"_acf_changed":false,"footnotes":""},"class_list":["post-1149","page","type-page","status-publish","hentry"],"acf":[],"_links":{"self":[{"href":"https:\/\/feinamc.eu\/es\/wp-json\/wp\/v2\/pages\/1149","targetHints":{"allow":["GET"]}}],"collection":[{"href":"https:\/\/feinamc.eu\/es\/wp-json\/wp\/v2\/pages"}],"about":[{"href":"https:\/\/feinamc.eu\/es\/wp-json\/wp\/v2\/types\/page"}],"author":[{"embeddable":true,"href":"https:\/\/feinamc.eu\/es\/wp-json\/wp\/v2\/users\/2"}],"replies":[{"embeddable":true,"href":"https:\/\/feinamc.eu\/es\/wp-json\/wp\/v2\/comments?post=1149"}],"version-history":[{"count":7,"href":"https:\/\/feinamc.eu\/es\/wp-json\/wp\/v2\/pages\/1149\/revisions"}],"predecessor-version":[{"id":1765,"href":"https:\/\/feinamc.eu\/es\/wp-json\/wp\/v2\/pages\/1149\/revisions\/1765"}],"up":[{"embeddable":true,"href":"https:\/\/feinamc.eu\/es\/wp-json\/wp\/v2\/pages\/580"}],"wp:attachment":[{"href":"https:\/\/feinamc.eu\/es\/wp-json\/wp\/v2\/media?parent=1149"}],"curies":[{"name":"wp","href":"https:\/\/api.w.org\/{rel}","templated":true}]}}