{"id":603,"date":"2021-05-11T06:19:11","date_gmt":"2021-05-11T06:19:11","guid":{"rendered":"https:\/\/feinamc.eu\/news\/"},"modified":"2022-07-13T06:49:56","modified_gmt":"2022-07-13T06:49:56","slug":"news","status":"publish","type":"page","link":"https:\/\/feinamc.eu\/es\/news\/","title":{"rendered":"Noticias"},"content":{"rendered":"<h1><strong>Noticias<\/strong><\/h1>\n<p><iframe src=\"https:\/\/www.youtube.com\/watch?v=Uf52HeLERm8\"><\/iframe><\/p>\n<div>\n\n    <div id=\"wk-grid460\" class=\"uk-child-width-1-1 uk-child-width-1-2@s uk-child-width-1-2@m uk-child-width-1-3@l uk-child-width-1-3@xl uk-grid-match uk-text-left widget-home\" uk-height-match=\"target: > div > .uk-panel, > div > .uk-card; row: true\" uk-grid >\n\n    \n        <div >\n            <div class=\"uk-card uk-card-default uk-card-hover\">\n\n                                <a class=\"uk-position-cover uk-position-z-index\" href=\"https:\/\/feinamc.eu\/es\/2023\/03\/28\/inclusion-en-el-sistema-educativo-de-ninos-ninas-y-jovenesmigrantes-recien-llegados\/\" title=\"INCLUSI\u00d3N EN EL SISTEMA EDUCATIVO DE NI\u00d1OS, NI\u00d1AS Y J\u00d3VENES&lt;br&gt;MIGRANTES RECI\u00c9N LLEGADOS\"><\/a>\n                \n                \n                \n                \n                                        <div class=\"uk-card-body\">\n                    \n                                                <div class=\"uk-margin uk-text-center\"><img decoding=\"async\" src=\"https:\/\/feinamc.eu\/wp-content\/uploads\/2021\/05\/news1.png\" alt=\"INCLUSI\u00d3N EN EL SISTEMA EDUCATIVO DE NI\u00d1OS, NI\u00d1AS Y J\u00d3VENESMIGRANTES RECI\u00c9N LLEGADOS\"><\/div>\n                        \n                                                <h3 class=\"uk-panel uk-margin-remove-top\">\n\n                                                            <a class=\"uk-link-reset\" href=\"https:\/\/feinamc.eu\/es\/2023\/03\/28\/inclusion-en-el-sistema-educativo-de-ninos-ninas-y-jovenesmigrantes-recien-llegados\/\">INCLUSI\u00d3N EN EL SISTEMA EDUCATIVO DE NI\u00d1OS, NI\u00d1AS Y J\u00d3VENES<br>MIGRANTES RECI\u00c9N LLEGADOS<\/a>\n                            \n                            \n                        <\/h3>\n                        \n                        \n                        \n                        \n                        \n                        \n                                        <\/div>\n                    \n                \n            <\/div>\n        <\/div>\n\n    \n        <div >\n            <div class=\"uk-card uk-card-default uk-card-hover\">\n\n                                <a class=\"uk-position-cover uk-position-z-index\" href=\"https:\/\/feinamc.eu\/es\/2023\/03\/28\/inclusion-de-ninos-ninas-y-jovenes-migrantes-recien-llegados-y-llegadas-a-lossistemas-educativos-de-europa\/\" title=\"Inclusi\u00f3n de ni\u00f1os, ni\u00f1as y j\u00f3venes migrantes reci\u00e9n llegados y llegadas a los&lt;br&gt;Sistemas Educativos de Europa\"><\/a>\n                \n                \n                \n                \n                                        <div class=\"uk-card-body\">\n                    \n                                                <div class=\"uk-margin uk-text-center\"><img decoding=\"async\" src=\"https:\/\/feinamc.eu\/wp-content\/uploads\/2021\/05\/news1.png\" alt=\"Inclusi\u00f3n de ni\u00f1os, ni\u00f1as y j\u00f3venes migrantes reci\u00e9n llegados y llegadas a losSistemas Educativos de Europa\"><\/div>\n                        \n                                                <h3 class=\"uk-panel uk-margin-remove-top\">\n\n                                                            <a class=\"uk-link-reset\" href=\"https:\/\/feinamc.eu\/es\/2023\/03\/28\/inclusion-de-ninos-ninas-y-jovenes-migrantes-recien-llegados-y-llegadas-a-lossistemas-educativos-de-europa\/\">Inclusi\u00f3n de ni\u00f1os, ni\u00f1as y j\u00f3venes migrantes reci\u00e9n llegados y llegadas a los<br>Sistemas Educativos de Europa<\/a>\n                            \n                            \n                        <\/h3>\n                        \n                        \n                        \n                        \n                        \n                        \n                                        <\/div>\n                    \n                \n            <\/div>\n        <\/div>\n\n    \n        <div >\n            <div class=\"uk-card uk-card-default uk-card-hover\">\n\n                                <a class=\"uk-position-cover uk-position-z-index\" href=\"https:\/\/feinamc.eu\/es\/2023\/01\/02\/4th-newsletter\/\" title=\"Newsletter 4\"><\/a>\n                \n                \n                \n                \n                                        <div class=\"uk-card-body\">\n                    \n                                                <div class=\"uk-margin uk-text-center\"><img decoding=\"async\" src=\"https:\/\/feinamc.eu\/wp-content\/uploads\/2021\/05\/news1.png\" alt=\"Newsletter 4\"><\/div>\n                        \n                                                <h3 class=\"uk-panel uk-margin-remove-top\">\n\n                                                            <a class=\"uk-link-reset\" href=\"https:\/\/feinamc.eu\/es\/2023\/01\/02\/4th-newsletter\/\">Newsletter 4<\/a>\n                            \n                            \n                        <\/h3>\n                        \n                        \n                        \n                                                <div class=\"uk-margin\">Estos \u00faltimos meses, Espa\u00f1a y Austria han tenido la oportunidad de presentar los resultados del proyecto a diferentes autoridades educativas...<\/div>\n                        \n                        \n                        \n                                        <\/div>\n                    \n                \n            <\/div>\n        <\/div>\n\n    \n    <\/div>\n\n<\/div>\n<div> <script src=\"https:\/\/apps.elfsight.com\/p\/platform.js\" defer><\/script><\/p>\n<div class=\"elfsight-app-5be783be-8344-4855-b132-925043cad655\"><\/div>\n<\/div>\n<p><!--more--><br \/>\n<!-- {\"type\":\"layout\",\"children\":[{\"type\":\"section\",\"props\":{\"style\":\"default\",\"width\":\"default\",\"vertical_align\":\"middle\",\"title_position\":\"top-left\",\"title_rotation\":\"left\",\"title_breakpoint\":\"xl\",\"image_position\":\"center-center\",\"padding_remove_top\":true},\"children\":[{\"type\":\"row\",\"children\":[{\"type\":\"column\",\"props\":{\"image_position\":\"center-center\",\"media_overlay_gradient\":\"\"},\"children\":[{\"type\":\"headline\",\"props\":{\"title_element\":\"h1\",\"class\":\"color-primary\",\"content\":\"<strong>Noticias<\\\/strong>\",\"title_style\":\"heading-small\"},\"modified\":\"2021-05-12T09:39:05.729Z\",\"name\":\"Headers\"},{\"type\":\"video\",\"props\":{\"video_controls\":true,\"margin\":\"default\",\"video\":\"https:\\\/\\\/www.youtube.com\\\/watch?v=Uf52HeLERm8\",\"video_width\":\"500px\"}},{\"type\":\"text\",\"props\":{\"margin\":\"default\",\"column_breakpoint\":\"m\",\"content\":\"[widgetkit id=\\\"16\\\"]\",\"css\":\".uk-card-body {padding:0;border:2px solid #000;background-color:#fff;transition:all .5s ease-out;}\\nimg{margin-top:-1px;\\n\\n}\\n\\n.uk-card {\\n-webkit-box-shadow: 7px 7px 0px 0px rgba(51,45,45,0.15);\\n-moz-box-shadow: 7px 7px 0px 0px rgba(51,45,45,0.15);\\nbox-shadow: 7px 7px 0px 0px rgba(51,45,45,0.15);\\n}\\n\\nh3{padding-left:10px;padding-right:10px;font-size:20px;font-weight:bold;}\\n\\n.foo3{\\n  padding-left:10px;padding-right:10px;padding-bottom:10px;\\n}\\n\\n.uk-card{position:relative;border:0px;transition:all .5s ease-out;}\\n\\n.uk-card:hover{position:relative;\\n-webkit-box-shadow: 7px 7px 0px 0px rgba(51,45,45,0);\\n-moz-box-shadow: 7px 7px 0px 0px rgba(51,45,45,0);\\nbox-shadow: 7px 7px 0px 0px rgba(51,45,45,0);\\n   \\n}\"},\"modified\":\"2021-05-13T08:33:50.022Z\",\"name\":\"NEWS WIDGET\"}]}]}]},{\"type\":\"section\",\"props\":{\"style\":\"default\",\"width\":\"default\",\"vertical_align\":\"middle\",\"title_position\":\"top-left\",\"title_rotation\":\"left\",\"title_breakpoint\":\"xl\",\"image_position\":\"center-center\"},\"children\":[{\"type\":\"row\",\"children\":[{\"type\":\"column\",\"props\":{\"image_position\":\"center-center\",\"media_overlay_gradient\":\"\"},\"children\":[{\"type\":\"text\",\"props\":{\"margin\":\"default\",\"column_breakpoint\":\"m\",\"content\":\" <script src=\\\"https:\\\/\\\/apps.elfsight.com\\\/p\\\/platform.js\\\" defer><\\\/script>\\n\n\n<div class=\\\"elfsight-app-5be783be-8344-4855-b132-925043cad655\\\"><\\\/div>\"}}]}]}]}],\"version\":\"2.4.14\"} --><\/p>\n","protected":false},"excerpt":{"rendered":"<p>Noticias<\/p>\n","protected":false},"author":2,"featured_media":0,"parent":0,"menu_order":0,"comment_status":"closed","ping_status":"closed","template":"","meta":{"_acf_changed":false,"footnotes":""},"class_list":["post-603","page","type-page","status-publish","hentry"],"acf":[],"_links":{"self":[{"href":"https:\/\/feinamc.eu\/es\/wp-json\/wp\/v2\/pages\/603","targetHints":{"allow":["GET"]}}],"collection":[{"href":"https:\/\/feinamc.eu\/es\/wp-json\/wp\/v2\/pages"}],"about":[{"href":"https:\/\/feinamc.eu\/es\/wp-json\/wp\/v2\/types\/page"}],"author":[{"embeddable":true,"href":"https:\/\/feinamc.eu\/es\/wp-json\/wp\/v2\/users\/2"}],"replies":[{"embeddable":true,"href":"https:\/\/feinamc.eu\/es\/wp-json\/wp\/v2\/comments?post=603"}],"version-history":[{"count":4,"href":"https:\/\/feinamc.eu\/es\/wp-json\/wp\/v2\/pages\/603\/revisions"}],"predecessor-version":[{"id":710,"href":"https:\/\/feinamc.eu\/es\/wp-json\/wp\/v2\/pages\/603\/revisions\/710"}],"wp:attachment":[{"href":"https:\/\/feinamc.eu\/es\/wp-json\/wp\/v2\/media?parent=603"}],"curies":[{"name":"wp","href":"https:\/\/api.w.org\/{rel}","templated":true}]}}