{"id":589,"date":"2021-05-11T06:19:11","date_gmt":"2021-05-11T06:19:11","guid":{"rendered":"https:\/\/feinamc.eu\/partners\/"},"modified":"2021-06-23T14:12:52","modified_gmt":"2021-06-23T14:12:52","slug":"partners","status":"publish","type":"page","link":"https:\/\/feinamc.eu\/it\/partners\/","title":{"rendered":"Partner"},"content":{"rendered":"<h1><strong>Partner<\/strong><\/h1>\n<div>\n<div uk-slider>\n<div class=\"uk-position-relative\">\n<div class=\"uk-slider-container\">\n<ul class=\"custom-slider-items uk-slider-items uk-child-width-1-1 uk-flex uk-flex-middle\">\n                <!-- Partner 1--><\/p>\n<li>\n<div class=\"uk-child-width-expand@s\" uk-grid>\n<div class=\"uk-width-1-1\">\n<div class=\"uk-flex uk-flex-middle\">\n<div class=\"uk-width-1-4@m inline-block\">\n                            <img decoding=\"async\" src=\"\/wp-content\/uploads\/2021\/05\/intered-ingles-claim.png\"><\/div>\n<div class=\"uk-width-1-4@m inline-block\">\n<div class=\"foo-tab2\"><a href=\"http:\/\/intered.org\/\" target=\"_blank\">Visita il sito web<\/a><\/div>\n<\/p><\/div>\n<\/p><\/div>\n<p>\n\t\t\t\t\t\tInterRed \u00e8 una ONG specializzata in educazione e uguaglianza di genere. Dal 1992 promuove un&#8217;educazione trasformativa che genera una partecipazione attiva, ed \u00e8 impegnata a favore della giustizia, dell&#8217;equit\u00e0 di genere e della sostenibilit\u00e0 sociale e ambientale.\n                            <\/p>\n<p>\n                            InterRed lavora con individui e organizzazioni di diversi paesi e culture, in particolare con coloro i cui diritti sono pi\u00f9 violati: bambini svantaggiati, donne, comunit\u00e0 rurali, popolazioni indigene.<\/p>\n<p>\n                                InterRed opera in 11 paesi, tra cui la Spagna dove ha 11 delegazioni territoriali e un&#8217;ampia base sociale di partner, donatori e volontari.\n                            <\/p>\n<p>\n                                <b>MISSION:<\/b> Siamo una ONG promossa dall&#8217;Associazione Teresiana che si impegna per un&#8217;educazione trasformativa, che generi la partecipazione attiva e impegnata di tutti a favore della giustizia, dell&#8217;equit\u00e0 di genere e della sostenibilit\u00e0 sociale e ambientale.<br \/>\n                                <br \/><b>VISION:<\/b> Un&#8217;organizzazione che promuove processi educativi per cambiamenti personali e collettivi a favore della giustizia sociale, dell&#8217;equit\u00e0 e della cura delle persone e della natura, aperta alla partecipazione e al dialogo con gruppi e individui di diversi paesi.<br \/>\n                                <br \/><b>VALORI:<\/b> Promuoviamo e vogliamo vivere valori come coerenza, cura delle persone e del pianeta, equit\u00e0, corresponsabilit\u00e0, partecipazione, solidariet\u00e0 e trasparenza nelle nostre azioni<\/p>\n<\/p><\/div>\n<\/p><\/div>\n<\/li>\n<p>\t\t\t\t<!-- Partner 2--><\/p>\n<p>\t\t\t\t<!-- Partner 3--><\/p>\n<li>\n<div class=\"uk-child-width-expand@s\" uk-grid>\n<div class=\"uk-width-1-1\">\n<div class=\"uk-flex uk-flex-middle\">\n<div class=\"uk-width-1-4@m inline-block\">\n                            <img decoding=\"async\" src=\"\/wp-content\/uploads\/2021\/05\/cesie-logo-1.png\"><\/div>\n<div class=\"uk-width-1-4@m inline-block\">\n<div class=\"foo-tab2\"><a href=\"https:\/\/cesie.org\/\" target=\"_blank\">Visita il sito web<\/a><\/div>\n<\/p><\/div>\n<\/p><\/div>\n<p>Il CESIE \u00e8 un Centro Europeo di Studi e Iniziative con sede a Palermo, Sicilia. Nasce nel 2001, ispirandosi all&#8217;opera e alle teorie del sociologo, attivista ed educatore Danilo Dolci (1924-1997).\n<\/p>\n<p>La nostra missione \u00e8 promuovere l&#8217;innovazione educativa, la partecipazione e la crescita.\n<\/p>\n<p>Lo slogan del CESIE, il mondo \u00e8 una sola creatura, esprime la filosofia per cui lavora l&#8217;organizzazione: inclusione ed equit\u00e0 per tutti.\n<\/p>\n<p>Il CESIE \u00e8 strutturato in 6 unit\u00e0 principali:<\/p>\n<p>\n<b>Istruzione superiore e ricerca:<\/b> per promuovere il progresso, la ricerca e l&#8217;innovazione sostenibile e responsabile nei sistemi di istruzione superiore e ricerca;<br \/>\n<br \/><b>Diritti e giustizia:<\/b> per promuovere l&#8217;uguaglianza, proteggere i diritti delle persone, prevenire e sviluppare risposte alla violenza e alla discriminazione;<\/p>\n<p><b>Adulti: <\/b>per migliorare l&#8217;apprendimento permanente nell&#8217;istruzione degli adulti, promuovere pratiche innovative e sviluppare competenze chiave per gli adulti;<\/p>\n<p><b>Migrazione:<\/b> per lo sviluppo di approcci efficaci e inclusivi per richiedenti asilo, rifugiati e migranti;<br \/>\n<br \/><b>Scuola:<\/b> per migliorare la qualit\u00e0 e l&#8217;efficienza dell&#8217;istruzione scolastica;<br \/>\n<br \/><b>Giovani:<\/b> per rafforzare la cittadinanza attiva, la formazione, l&#8217;istruzione e la mobilit\u00e0 dei giovani.<\/p>\n<\/p><\/div>\n<\/p><\/div>\n<\/li>\n<p>\t\t\t\t<!-- Partner 4--><\/p>\n<li>\n<div class=\"uk-child-width-expand@s\" uk-grid>\n<div class=\"uk-width-1-1\">\n<div class=\"uk-flex uk-flex-middle\">\n<div class=\"uk-width-1-4@m inline-block\">\n                            <img decoding=\"async\" src=\"\/wp-content\/uploads\/2021\/05\/logo-kmop-1.jpg\"><\/div>\n<div class=\"uk-width-1-4@m inline-block\">\n<div class=\"foo-tab2\"><a href=\"https:\/\/www.kmop.gr\/\" target=\"_blank\">Visita il sito web<\/a><\/div>\n<\/p><\/div>\n<\/p><\/div>\n<p>\n\t\t\t\t\t\tKMOP \u2013 Social Action and Innovation Center \u00e8 un&#8217;organizzazione senza scopo di lucro, con sede ad Atene, in Grecia, con oltre 40 anni di esperienza nello sviluppo sostenibile, nella crescita sociale, nella protezione dei diritti umani, nell&#8217;inclusione sociale e nella ricerca politica. Si concentra sulla costruzione della resilienza delle persone, sulla lotta alle disuguaglianze e sul sostegno alla crescita inclusiva e sostenibile sviluppando e implementando una variet\u00e0 di strumenti, programmi e politiche innovativi. Oltre alla fornitura diretta di servizi sociali, le competenze di KMOP riguardano la progettazione e l&#8217;attuazione di programmi di grande impatto nei settori dell&#8217;istruzione, della migrazione, della protezione dei diritti umani, dell&#8217;occupazione, della salute mentale e dell&#8217;economia sociale.\n<\/p>\n<p>KMOP \u00e8 il coordinatore del progetto di POLITEIA. Nel campo dell&#8217;istruzione, l&#8217;organizzazione ha una grande esperienza nell&#8217;attuazione di progetti rilevanti e ha stabilito una collaborazione continua e proficua con il Ministero dell&#8217;Istruzione ellenico e la Fondazione per l&#8217;educazione all&#8217;apprendimento permanente dei giovani. Inoltre, KMOP \u00e8 da tempo impegnato nell&#8217;attuazione di programmi di apprendimento permanente, apprendimento non formale e sviluppo delle capacit\u00e0 per le persone socialmente vulnerabili.<\/p>\n<\/p><\/div>\n<\/p><\/div>\n<\/li>\n<li>\n<div class=\"uk-child-width-expand@s\" uk-grid>\n<div class=\"uk-width-1-1\">\n<div class=\"uk-flex uk-flex-middle\">\n<div class=\"uk-width-1-4@m inline-block\">\n                            <img decoding=\"async\" src=\"\/wp-content\/uploads\/2021\/05\/cardet.svg\"><\/div>\n<div class=\"uk-width-1-4@m inline-block\">\n<div class=\"foo-tab2\"><a href=\"https:\/\/cardet.org\/\" target=\"_blank\">Visita il sito web<\/a><\/div>\n<\/p><\/div>\n<\/p><\/div>\n<p>\n\t\t\t\t\t\tCARDET \u00e8 uno dei principali centri di ricerca e sviluppo nella regione del Mediterraneo, basato a Cipro, con esperienza globale nella progettazione e implementazione di progetti, sviluppo di capacit\u00e0 ed e-learning. \u00c8 affiliato in modo indipendente con universit\u00e0 e istituzioni di tutto il mondo, come l&#8217;Universit\u00e0 di Yale, l&#8217;Universit\u00e0 di Nicosia e l&#8217;International Council of Educational Media. CARDET ha completato numerosi progetti relativi allo sviluppo di capacit\u00e0 e pianificazione nell&#8217;istruzione e nell&#8217;IFP, sostegno ai giovani, apprendimento degli adulti, alfabetizzazione, strumenti digitali, eLearning, tecnologia educativa e integrazione sociale dei gruppi emarginati. Uno dei nostri punti di forza \u00e8 la nostra capacit\u00e0 di pianificare, implementare, eseguire e valutare con attenzione progetti in vari contesti.\n<\/p>\n<\/p><\/div>\n<\/p><\/div>\n<\/li>\n<p>\t\t\t\t<!-- Partner 5--><\/p>\n<li>\n<div class=\"uk-child-width-expand@s\" uk-grid>\n<div class=\"uk-width-1-1\">\n<div class=\"uk-flex uk-flex-middle\">\n<div class=\"uk-width-1-4@m inline-block\">\n                            <img decoding=\"async\" src=\"\/wp-content\/uploads\/2021\/05\/csm_logo_SW_blanco_fb73845432.jpg\"><\/div>\n<div class=\"uk-width-1-4@m inline-block\">\n<div class=\"foo-tab2\"><a href=\"https:\/\/www.suedwind.at\/\" target=\"_blank\">Visita il sito web<\/a><\/div>\n<\/p><\/div>\n<\/p><\/div>\n<p>\n\t\t\t\t\t\tS\u00fcdwind \u00e8 un&#8217;organizzazione austriaca indipendente per i diritti umani. Da oltre 40 anni S\u00fcdwind si batte per la giustizia sociale, condizioni di lavoro eque e uno sviluppo globale sostenibile. Attraverso il lavoro educativo, le pubbliche relazioni e le campagne, S\u00fcdwind affronta le interrelazioni globali e il loro impatto sociale. Con campagne pubbliche, sensibilizzazione e attraverso il lavoro educativo, S\u00fcdwind si impegna per un mondo pi\u00f9 equo e una vita migliore per tutti. S\u00fcdwind \u00e8 stato membro a lungo termine della Piattaforma austriaca per lo sviluppo e gli aiuti umanitari, nonch\u00e9 dell&#8217;Alleanza austriaca per la giustizia climatica.<\/p>\n<\/p><\/div>\n<\/p><\/div>\n<\/li>\n<\/ul><\/div>\n<div class=\"uk-hidden@s uk-light\">\n            <a class=\"uk-position-center-left uk-position-small\" href=\"#\" uk-slidenav-previous uk-slider-item=\"previous\"><\/a><br \/>\n            <a class=\"uk-position-center-right uk-position-small\" href=\"#\" uk-slidenav-next uk-slider-item=\"next\"><\/a>\n        <\/div>\n<div class=\"uk-visible@s\">\n            <a class=\"uk-position-center-left-out uk-position-small\" href=\"#\" uk-slidenav-previous uk-slider-item=\"previous\"><\/a><br \/>\n            <a class=\"uk-position-center-right-out uk-position-small\" href=\"#\" uk-slidenav-next uk-slider-item=\"next\"><\/a>\n        <\/div>\n<\/p><\/div>\n<ul class=\"uk-slider-nav uk-dotnav uk-flex-center uk-margin\"><\/ul>\n<\/div>\n<\/div>\n<p><!--more--><br \/>\n<!-- {\"type\":\"layout\",\"children\":[{\"type\":\"section\",\"props\":{\"style\":\"default\",\"width\":\"default\",\"vertical_align\":\"middle\",\"title_position\":\"top-left\",\"title_rotation\":\"left\",\"title_breakpoint\":\"xl\",\"image_position\":\"center-center\",\"padding_remove_top\":true},\"children\":[{\"type\":\"row\",\"children\":[{\"type\":\"column\",\"props\":{\"image_position\":\"center-center\",\"media_overlay_gradient\":\"\"},\"children\":[{\"type\":\"headline\",\"props\":{\"title_element\":\"h1\",\"class\":\"color-primary\",\"content\":\"<strong>Partner<\\\/strong>\",\"title_style\":\"heading-small\"},\"modified\":\"2021-05-12T09:39:05.729Z\",\"name\":\"Headers\"},{\"type\":\"text\",\"props\":{\"margin\":\"default\",\"column_breakpoint\":\"m\",\"content\":\"\\n\n\n<div uk-slider>\\n\\n    \n\n<div class=\\\"uk-position-relative\\\">\\n\\n        \n\n<div class=\\\"uk-slider-container\\\">\\n            \n\n<ul class=\\\"custom-slider-items uk-slider-items uk-child-width-1-1 uk-flex uk-flex-middle\\\">\\n                <!-- Partner 1-->\\n\\t\\t\\t\\t<\/p>\n<li>\\n\n<div class=\\\"uk-child-width-expand@s\\\" uk-grid>\\n\\t\\t\\t\\t\\t\\t<\/p>\n<div class=\\\"uk-width-1-1\\\">\\n\\t\\t\\t\\t\\t\\t<\/p>\n<div class=\\\"uk-flex uk-flex-middle\\\">\\n                            <\/p>\n<div class=\\\"uk-width-1-4@m inline-block\\\">\\n                            <img src=\\\"wp-content\\\/uploads\\\/2021\\\/05\\\/intered-ingles-claim.png\\\"><\\\/div>\\n                            <\/p>\n<div class=\\\"uk-width-1-4@m inline-block\\\">\\n\\t\\t\\t\\t\\t\\t\\t<\/p>\n<div class=\\\"foo-tab2\\\"><a href=\\\"http:\\\/\\\/intered.org\\\/\\\" target=\\\"_blank\\\">Visita il sito web<\\\/a><\\\/div>\\n                            <\\\/div> <\\\/div>\\n\\t\\t\\t\\t\\t\\t<\/p>\n<p>\\n\\t\\t\\t\\t\\t\\tInterRed \\u00e8 una ONG specializzata in educazione e uguaglianza di genere. Dal 1992 promuove un&#8217;educazione trasformativa che genera una partecipazione attiva, ed \\u00e8 impegnata a favore della giustizia, dell&#8217;equit\\u00e0 di genere e della sostenibilit\\u00e0 sociale e ambientale.\\n                            <\\\/p>\\n                            <\/p>\n<p>\\n                            InterRed lavora con individui e organizzazioni di diversi paesi e culture, in particolare con coloro i cui diritti sono pi\\u00f9 violati: bambini svantaggiati, donne, comunit\\u00e0 rurali, popolazioni indigene.\\n\\n                            <\\\/p>\\n                            <\/p>\n<p>\\n                                InterRed opera in 11 paesi, tra cui la Spagna dove ha 11 delegazioni territoriali e un&#8217;ampia base sociale di partner, donatori e volontari. \\n                            <\\\/p>\\n                            <\/p>\n<p>\\n                                <b>MISSION:<\\\/b> Siamo una ONG promossa dall&#8217;Associazione Teresiana che si impegna per un&#8217;educazione trasformativa, che generi la partecipazione attiva e impegnata di tutti a favore della giustizia, dell&#8217;equit\\u00e0 di genere e della sostenibilit\\u00e0 sociale e ambientale.\\n                                <br \/><b>VISION:<\\\/b> Un&#8217;organizzazione che promuove processi educativi per cambiamenti personali e collettivi a favore della giustizia sociale, dell&#8217;equit\\u00e0 e della cura delle persone e della natura, aperta alla partecipazione e al dialogo con gruppi e individui di diversi paesi.\\n                                <br \/><b>VALORI:<\\\/b> Promuoviamo e vogliamo vivere valori come coerenza, cura delle persone e del pianeta, equit\\u00e0, corresponsabilit\\u00e0, partecipazione, solidariet\\u00e0 e trasparenza nelle nostre azioni\\n\\n                            <\\\/p>\\n\\t\\t\\t\\t\\t\\t<\\\/div>\\n\\t\\t\\t\\t\\t\\t\\n\\t\\t\\t\\t\\t\\t\\n\\t\\t\\t\\t\\t\\t<\\\/div>   \\n\\t\\t\\t\\t\\n\\t\\t\\t\\t   \\n                <\\\/li>\\n\\t\\t\\t\\t\\n\\t\\t\\t\\t\\n\\t\\t\\t\\t<!-- Partner 2-->\\n\\t\\t\\t\\t\\n\\t\\t\\t\\t\\n\\t\\t\\t\\t\\n\\t\\t\\t\\t<!-- Partner 3-->\\n\\t\\t\\t\\t<\/p>\n<li>\\n                    \\n\\t\\t\\t\\t\\t \\n\\t\\t\\t\\t\\t\n<div class=\\\"uk-child-width-expand@s\\\" uk-grid>\\n\\t\\t\\t\\t\\t\\t<\/p>\n<div class=\\\"uk-width-1-1\\\">\\n\\t\\t\\t\\t\\t\\t<\/p>\n<div class=\\\"uk-flex uk-flex-middle\\\">\\n                            <\/p>\n<div class=\\\"uk-width-1-4@m inline-block\\\">\\n                            <img src=\\\"wp-content\\\/uploads\\\/2021\\\/05\\\/cesie-logo-1.png\\\"><\\\/div>\\n                            <\/p>\n<div class=\\\"uk-width-1-4@m inline-block\\\">\\n\\t\\t\\t\\t\\t\\t\\t<\/p>\n<div class=\\\"foo-tab2\\\"><a href=\\\"https:\\\/\\\/cesie.org\\\/\\\" target=\\\"_blank\\\">Visita il sito web<\\\/a><\\\/div>\\n                            <\\\/div> <\\\/div>\\n\\t\\t\\t\\t\\t\\t<\/p>\n<p>Il CESIE \\u00e8 un Centro Europeo di Studi e Iniziative con sede a Palermo, Sicilia. Nasce nel 2001, ispirandosi all&#8217;opera e alle teorie del sociologo, attivista ed educatore Danilo Dolci (1924-1997).\\n<\\\/p><\/p>\n<p>La nostra missione \\u00e8 promuovere l&#8217;innovazione educativa, la partecipazione e la crescita. \\n<\\\/p><\/p>\n<p>Lo slogan del CESIE, il mondo \\u00e8 una sola creatura, esprime la filosofia per cui lavora l&#8217;organizzazione: inclusione ed equit\\u00e0 per tutti.\\n<\\\/p><\/p>\n<p>Il CESIE \\u00e8 strutturato in 6 unit\\u00e0 principali:<\/p>\n<p>\\n<b>Istruzione superiore e ricerca:<\\\/b> per promuovere il progresso, la ricerca e l&#8217;innovazione sostenibile e responsabile nei sistemi di istruzione superiore e ricerca;\\n<br \/><b>Diritti e giustizia:<\\\/b> per promuovere l&#8217;uguaglianza, proteggere i diritti delle persone, prevenire e sviluppare risposte alla violenza e alla discriminazione;\\n\\n<br \/><b>Adulti: <\\\/b>per migliorare l&#8217;apprendimento permanente nell&#8217;istruzione degli adulti, promuovere pratiche innovative e sviluppare competenze chiave per gli adulti;\\n\\n<br \/><b>Migrazione:<\\\/b> per lo sviluppo di approcci efficaci e inclusivi per richiedenti asilo, rifugiati e migranti;\\n<br \/><b>Scuola:<\\\/b> per migliorare la qualit\\u00e0 e l&#8217;efficienza dell&#8217;istruzione scolastica;\\n<br \/><b>Giovani:<\\\/b> per rafforzare la cittadinanza attiva, la formazione, l&#8217;istruzione e la mobilit\\u00e0 dei giovani.<\\\/p>\\n\\t\\t\\t\\t\\t\\t<\\\/div>\\n\\t\\t\\t\\t\\t\\t\\n\\t\\t\\t\\t\\t\\t\\n\\t\\t\\t\\t\\t\\t<\\\/div>   \\n                <\\\/li>\\n\\t\\t\\t\\t\\n\\t\\t\\t\\t\\n\\t\\t\\t\\t<!-- Partner 4-->\\n\\t\\t\\t\\t<\/p>\n<li>\\n\n<div class=\\\"uk-child-width-expand@s\\\" uk-grid>\\n\\t\\t\\t\\t\\t\\t<\/p>\n<div class=\\\"uk-width-1-1\\\">\\n\\t\\t\\t\\t\\t\\t<\/p>\n<div class=\\\"uk-flex uk-flex-middle\\\">\\n                            <\/p>\n<div class=\\\"uk-width-1-4@m inline-block\\\">\\n                            <img src=\\\"wp-content\\\/uploads\\\/2021\\\/05\\\/logo-kmop-1.jpg\\\"><\\\/div>\\n                            <\/p>\n<div class=\\\"uk-width-1-4@m inline-block\\\">\\n\\t\\t\\t\\t\\t\\t\\t<\/p>\n<div class=\\\"foo-tab2\\\"><a href=\\\"https:\\\/\\\/www.kmop.gr\\\/\\\" target=\\\"_blank\\\">Visita il sito web<\\\/a><\\\/div>\\n                            <\\\/div> <\\\/div>\\n\\t\\t\\t\\t\\t\\t<\/p>\n<p>\\n\\t\\t\\t\\t\\t\\tKMOP \\u2013 Social Action and Innovation Center \\u00e8 un&#8217;organizzazione senza scopo di lucro, con sede ad Atene, in Grecia, con oltre 40 anni di esperienza nello sviluppo sostenibile, nella crescita sociale, nella protezione dei diritti umani, nell&#8217;inclusione sociale e nella ricerca politica. Si concentra sulla costruzione della resilienza delle persone, sulla lotta alle disuguaglianze e sul sostegno alla crescita inclusiva e sostenibile sviluppando e implementando una variet\\u00e0 di strumenti, programmi e politiche innovativi. Oltre alla fornitura diretta di servizi sociali, le competenze di KMOP riguardano la progettazione e l&#8217;attuazione di programmi di grande impatto nei settori dell&#8217;istruzione, della migrazione, della protezione dei diritti umani, dell&#8217;occupazione, della salute mentale e dell&#8217;economia sociale. \\n<\\\/p><\/p>\n<p>KMOP \\u00e8 il coordinatore del progetto di POLITEIA. Nel campo dell&#8217;istruzione, l&#8217;organizzazione ha una grande esperienza nell&#8217;attuazione di progetti rilevanti e ha stabilito una collaborazione continua e proficua con il Ministero dell&#8217;Istruzione ellenico e la Fondazione per l&#8217;educazione all&#8217;apprendimento permanente dei giovani. Inoltre, KMOP \\u00e8 da tempo impegnato nell&#8217;attuazione di programmi di apprendimento permanente, apprendimento non formale e sviluppo delle capacit\\u00e0 per le persone socialmente vulnerabili.<\\\/p>\\n\\t\\t\\t\\t\\t\\t<\\\/div>\\n\\t\\t\\t\\t\\t\\t\\n\\t\\t\\t\\t\\t\\t\\n\\t\\t\\t\\t\\t\\t<\\\/div>   \\n\\t\\t\\t\\t\\n                <\\\/li>\\n\\t\\t\\t\\t\\n\\t\\t\\t\\t<\/p>\n<li>\\n                    \\n\\t\\t\\t\\t\\t\n<div class=\\\"uk-child-width-expand@s\\\" uk-grid>\\n\\t\\t\\t\\t\\t\\t<\/p>\n<div class=\\\"uk-width-1-1\\\">\\n\\t\\t\\t\\t\\t\\t<\/p>\n<div class=\\\"uk-flex uk-flex-middle\\\">\\n                            <\/p>\n<div class=\\\"uk-width-1-4@m inline-block\\\">\\n                            <img src=\\\"wp-content\\\/uploads\\\/2021\\\/05\\\/cardet.svg\\\"><\\\/div>\\n                            <\/p>\n<div class=\\\"uk-width-1-4@m inline-block\\\">\\n\\t\\t\\t\\t\\t\\t\\t<\/p>\n<div class=\\\"foo-tab2\\\"><a href=\\\"https:\\\/\\\/cardet.org\\\/\\\" target=\\\"_blank\\\">Visita il sito web<\\\/a><\\\/div>\\n                            <\\\/div> <\\\/div>\\n\\t\\t\\t\\t\\t\\t<\/p>\n<p>\\n\\t\\t\\t\\t\\t\\tCARDET \\u00e8 uno dei principali centri di ricerca e sviluppo nella regione del Mediterraneo, basato a Cipro, con esperienza globale nella progettazione e implementazione di progetti, sviluppo di capacit\\u00e0 ed e-learning. \\u00c8 affiliato in modo indipendente con universit\\u00e0 e istituzioni di tutto il mondo, come l&#8217;Universit\\u00e0 di Yale, l&#8217;Universit\\u00e0 di Nicosia e l&#8217;International Council of Educational Media. CARDET ha completato numerosi progetti relativi allo sviluppo di capacit\\u00e0 e pianificazione nell&#8217;istruzione e nell&#8217;IFP, sostegno ai giovani, apprendimento degli adulti, alfabetizzazione, strumenti digitali, eLearning, tecnologia educativa e integrazione sociale dei gruppi emarginati. Uno dei nostri punti di forza \\u00e8 la nostra capacit\\u00e0 di pianificare, implementare, eseguire e valutare con attenzione progetti in vari contesti.\\n<\\\/p>\\n\\t\\t\\t\\t\\t\\t<\\\/div>\\n\\t\\t\\t\\t\\t\\t\\n\\t\\t\\t\\t\\t\\t\\n\\t\\t\\t\\t\\t\\t<\\\/div>   \\n\\t\\t\\t\\t\\n\\t\\t\\t\\t\\t\\n                <\\\/li>\\n\\t\\t\\t\\t<!-- Partner 5-->\\n\\t\\t\\t\\t<\/p>\n<li>\\n\n<div class=\\\"uk-child-width-expand@s\\\" uk-grid>\\n\\t\\t\\t\\t\\t\\t<\/p>\n<div class=\\\"uk-width-1-1\\\">\\n\\t\\t\\t\\t\\t\\t<\/p>\n<div class=\\\"uk-flex uk-flex-middle\\\">\\n                            <\/p>\n<div class=\\\"uk-width-1-4@m inline-block\\\">\\n                            <img src=\\\"wp-content\\\/uploads\\\/2021\\\/05\\\/csm_logo_SW_blanco_fb73845432.jpg\\\"><\\\/div>\\n                            <\/p>\n<div class=\\\"uk-width-1-4@m inline-block\\\">\\n\\t\\t\\t\\t\\t\\t\\t<\/p>\n<div class=\\\"foo-tab2\\\"><a href=\\\"https:\\\/\\\/www.suedwind.at\\\/\\\" target=\\\"_blank\\\">Visita il sito web<\\\/a><\\\/div>\\n                            <\\\/div> <\\\/div>\\n\\t\\t\\t\\t\\t\\t<\/p>\n<p>\\n\\t\\t\\t\\t\\t\\tS\\u00fcdwind \\u00e8 un&#8217;organizzazione austriaca indipendente per i diritti umani. Da oltre 40 anni S\\u00fcdwind si batte per la giustizia sociale, condizioni di lavoro eque e uno sviluppo globale sostenibile. Attraverso il lavoro educativo, le pubbliche relazioni e le campagne, S\\u00fcdwind affronta le interrelazioni globali e il loro impatto sociale. Con campagne pubbliche, sensibilizzazione e attraverso il lavoro educativo, S\\u00fcdwind si impegna per un mondo pi\\u00f9 equo e una vita migliore per tutti. S\\u00fcdwind \\u00e8 stato membro a lungo termine della Piattaforma austriaca per lo sviluppo e gli aiuti umanitari, nonch\\u00e9 dell&#8217;Alleanza austriaca per la giustizia climatica.\\n\\n<\\\/p>\\n\\t\\t\\t\\t\\t\\t<\\\/div>\\n\\t\\t\\t\\t\\t\\t\\n\\t\\t\\t\\t\\t\\t\\n\\t\\t\\t\\t\\t\\t<\\\/div>   \\n\\t\\t\\t\\t\\n                <\\\/li>\\n\\t\\t\\t\\t\\n\\t\\t\\t\\t\\n\\t\\t\\t\\t\\n                \\n            <\\\/ul>\\n        <\\\/div>\\n\\n        <\/p>\n<div class=\\\"uk-hidden@s uk-light\\\">\\n            <a class=\\\"uk-position-center-left uk-position-small\\\" href=\\\"#\\\" uk-slidenav-previous uk-slider-item=\\\"previous\\\"><\\\/a>\\n            <a class=\\\"uk-position-center-right uk-position-small\\\" href=\\\"#\\\" uk-slidenav-next uk-slider-item=\\\"next\\\"><\\\/a>\\n        <\\\/div>\\n\\n        <\/p>\n<div class=\\\"uk-visible@s\\\">\\n            <a class=\\\"uk-position-center-left-out uk-position-small\\\" href=\\\"#\\\" uk-slidenav-previous uk-slider-item=\\\"previous\\\"><\\\/a>\\n            <a class=\\\"uk-position-center-right-out uk-position-small\\\" href=\\\"#\\\" uk-slidenav-next uk-slider-item=\\\"next\\\"><\\\/a>\\n        <\\\/div>\\n\\n    <\\\/div>\\n\\n    <\/p>\n<ul class=\\\"uk-slider-nav uk-dotnav uk-flex-center uk-margin\\\"><\\\/ul>\\n\\n<\\\/div>&#8220;,&#8221;css&#8221;:&#8221;.foo-tab2{margin-left:30px;}\\n\\n.el-element{margin-top:45px !important;}&#8221;}}]}]}]}],&#8221;version&#8221;:&#8221;2.4.14&#8243;} &#8211;><\/p>\n","protected":false},"excerpt":{"rendered":"<p>Partner Visita il sito web InterRed \u00e8 una ONG specializzata in educazione e uguaglianza di genere. Dal 1992 promuove un&#8217;educazione&#8230;<\/p>\n","protected":false},"author":2,"featured_media":0,"parent":0,"menu_order":0,"comment_status":"closed","ping_status":"closed","template":"","meta":{"_acf_changed":false,"footnotes":""},"class_list":["post-589","page","type-page","status-publish","hentry"],"acf":[],"_links":{"self":[{"href":"https:\/\/feinamc.eu\/it\/wp-json\/wp\/v2\/pages\/589","targetHints":{"allow":["GET"]}}],"collection":[{"href":"https:\/\/feinamc.eu\/it\/wp-json\/wp\/v2\/pages"}],"about":[{"href":"https:\/\/feinamc.eu\/it\/wp-json\/wp\/v2\/types\/page"}],"author":[{"embeddable":true,"href":"https:\/\/feinamc.eu\/it\/wp-json\/wp\/v2\/users\/2"}],"replies":[{"embeddable":true,"href":"https:\/\/feinamc.eu\/it\/wp-json\/wp\/v2\/comments?post=589"}],"version-history":[{"count":3,"href":"https:\/\/feinamc.eu\/it\/wp-json\/wp\/v2\/pages\/589\/revisions"}],"predecessor-version":[{"id":630,"href":"https:\/\/feinamc.eu\/it\/wp-json\/wp\/v2\/pages\/589\/revisions\/630"}],"wp:attachment":[{"href":"https:\/\/feinamc.eu\/it\/wp-json\/wp\/v2\/media?parent=589"}],"curies":[{"name":"wp","href":"https:\/\/api.w.org\/{rel}","templated":true}]}}